{"id":548,"date":"2022-10-20T02:31:01","date_gmt":"2022-10-20T02:31:01","guid":{"rendered":"https:\/\/micasacalefon.com\/?page_id=548"},"modified":"2025-08-12T20:16:11","modified_gmt":"2025-08-12T20:16:11","slug":"contacto","status":"publish","type":"page","link":"https:\/\/micasacalefon.com\/","title":{"rendered":"Contacto"},"content":{"rendered":"\t\t<div data-elementor-type=\"wp-page\" data-elementor-id=\"548\" class=\"elementor elementor-548\">\n\t\t\t\t\t\t<section class=\"elementor-section elementor-top-section elementor-element elementor-element-4cbccda2 elementor-section-boxed elementor-section-height-default elementor-section-height-default\" data-id=\"4cbccda2\" data-element_type=\"section\" data-e-type=\"section\">\n\t\t\t\t\t\t<div class=\"elementor-container elementor-column-gap-default\">\n\t\t\t\t\t<div class=\"elementor-column elementor-col-100 elementor-top-column elementor-element elementor-element-2a4940c8\" data-id=\"2a4940c8\" data-element_type=\"column\" data-e-type=\"column\">\n\t\t\t<div class=\"elementor-widget-wrap elementor-element-populated\">\n\t\t\t\t\t\t<div class=\"elementor-element elementor-element-1aa145c3 elementor-widget elementor-widget-text-editor\" data-id=\"1aa145c3\" data-element_type=\"widget\" data-e-type=\"widget\" data-widget_type=\"text-editor.default\">\n\t\t\t\t<div class=\"elementor-widget-container\">\n\t\t\t\t\t\t\t\t\t<p><style>\/*! elementor - v3.7.8 - 02-10-2022 *\/<br \/>.elementor-widget-image{text-align:center}.elementor-widget-image a{display:inline-block}.elementor-widget-image a img[src$=\".svg\"]{width:48px}.elementor-widget-image img{vertical-align:middle;display:inline-block}<\/style><\/p><p><img fetchpriority=\"high\" decoding=\"async\" src=\"http:\/\/micasacalefon.com\/wp-content\/uploads\/2022\/10\/foto2-1024x684-1.jpg\" sizes=\"(max-width: 1024px) 100vw, 1024px\" srcset=\"https:\/\/micasacalefon.com\/wp-content\/uploads\/2022\/10\/foto2-1024x684-1.jpg 1024w, https:\/\/micasacalefon.com\/wp-content\/uploads\/2022\/10\/foto2-1024x684-1-300x200.jpg 300w, https:\/\/micasacalefon.com\/wp-content\/uploads\/2022\/10\/foto2-1024x684-1-768x513.jpg 768w\" alt=\"\" width=\"1024\" height=\"684\" \/><\/p><p><style>\/*! elementor - v3.7.8 - 02-10-2022 *\/<br \/>.elementor-heading-title{padding:0;margin:0;line-height:1}.elementor-widget-heading .elementor-heading-title[class*=elementor-size-]>a{color:inherit;font-size:inherit;line-height:inherit}.elementor-widget-heading .elementor-heading-title.elementor-size-small{font-size:15px}.elementor-widget-heading .elementor-heading-title.elementor-size-medium{font-size:19px}.elementor-widget-heading .elementor-heading-title.elementor-size-large{font-size:29px}.elementor-widget-heading .elementor-heading-title.elementor-size-xl{font-size:39px}.elementor-widget-heading .elementor-heading-title.elementor-size-xxl{font-size:59px}<\/style><\/p><h2>SERVICIO PERSONALIZADO<\/h2><h2>ATENCI\u00d3N INMEDIATA DE LUNES A DOMINGO<br \/>7h00 a 18h00<\/h2><p>NUESTROS VALORES<\/p><p>Integridad, Honestidad, Confianza, Orientaci\u00f3n al cliente, \u00c9tica, Puntualidad y Eficacia.<\/p><p><style>\/*! elementor - v3.7.8 - 02-10-2022 *\/<br \/>.elementor-column .elementor-spacer-inner{height:var(--spacer-size)}.e-container{--container-widget-width:100%}.e-container>.elementor-widget-spacer{width:var(--container-widget-width,var(--spacer-size));-ms-flex-item-align:stretch;align-self:stretch;-ms-flex-negative:0;flex-shrink:0}.e-container>.elementor-widget-spacer>.elementor-widget-container,.e-container>.elementor-widget-spacer>.elementor-widget-container>.elementor-spacer{height:100%}.e-container>.elementor-widget-spacer>.elementor-widget-container>.elementor-spacer>.elementor-spacer-inner{height:var(--container-widget-height,var(--spacer-size))}<\/style><\/p><p><img decoding=\"async\" src=\"http:\/\/micasacalefon.com\/wp-content\/uploads\/2022\/10\/9317388_orig.png\" sizes=\"(max-width: 480px) 100vw, 480px\" srcset=\"https:\/\/micasacalefon.com\/wp-content\/uploads\/2022\/10\/9317388_orig.png 480w, https:\/\/micasacalefon.com\/wp-content\/uploads\/2022\/10\/9317388_orig-300x145.png 300w\" alt=\"\" width=\"480\" height=\"232\" \/><\/p><h3>Pongase en Contacto<\/h3><p><a href=\"https:\/\/www.google.com.ec\/maps\/search\/Machala+N6753+y+Cuicocha\/@-0.1212954,-78.5067069,15z?hl=es\">\u00a0<\/a><\/p><h6><a href=\"https:\/\/www.google.com.ec\/maps\/search\/Machala+N6753+y+Cuicocha\/@-0.1212954,-78.5067069,15z?hl=es\"><br \/>Direcci\u00f3n <\/a><\/h6><p>Quito &#8211; Guayaquil<\/p><h6>Email<\/h6><p>micasacalefon@gmail.com<\/p><h6>Llamenos<\/h6><p>0963182256<\/p><h6>Llamenos<\/h6><p>0963182256<\/p><h3>Cont\u00e1ctanos para recibir un presupuesto.<\/h3><p><div class=\"wpforms-container wpforms-container-full\" id=\"wpforms-541\"><form id=\"wpforms-form-541\" class=\"wpforms-validate wpforms-form wpforms-ajax-form\" data-formid=\"541\" method=\"post\" enctype=\"multipart\/form-data\" action=\"\/index.php\/wp-json\/wp\/v2\/pages\/548\" data-token=\"ec75689caaac8536b62f1f11c7065c5c\" data-token-time=\"1776933329\"><noscript class=\"wpforms-error-noscript\">Por favor, activa JavaScript en tu navegador para completar este formulario.<\/noscript><div class=\"wpforms-field-container\"><div id=\"wpforms-541-field_0-container\" class=\"wpforms-field wpforms-field-name\" data-field-id=\"0\"><label class=\"wpforms-field-label\">Nombres <span class=\"wpforms-required-label\">*<\/span><\/label><div class=\"wpforms-field-row wpforms-field-medium\"><div class=\"wpforms-field-row-block wpforms-first wpforms-one-half\"><input type=\"text\" id=\"wpforms-541-field_0\" class=\"wpforms-field-name-first wpforms-field-required\" name=\"wpforms[fields][0][first]\" required><label for=\"wpforms-541-field_0\" class=\"wpforms-field-sublabel after\">Nombre<\/label><\/div><div class=\"wpforms-field-row-block wpforms-one-half\"><input type=\"text\" id=\"wpforms-541-field_0-last\" class=\"wpforms-field-name-last wpforms-field-required\" name=\"wpforms[fields][0][last]\" required><label for=\"wpforms-541-field_0-last\" class=\"wpforms-field-sublabel after\">Apellidos<\/label><\/div><\/div><\/div><div id=\"wpforms-541-field_1-container\" class=\"wpforms-field wpforms-field-email\" data-field-id=\"1\"><label class=\"wpforms-field-label\" for=\"wpforms-541-field_1\">Correo electr\u00f3nico <span class=\"wpforms-required-label\">*<\/span><\/label><input type=\"email\" id=\"wpforms-541-field_1\" class=\"wpforms-field-medium wpforms-field-required\" name=\"wpforms[fields][1]\" spellcheck=\"false\" required><\/div><div id=\"wpforms-541-field_2-container\" class=\"wpforms-field wpforms-field-textarea\" data-field-id=\"2\"><label class=\"wpforms-field-label\" for=\"wpforms-541-field_2\">Comentario o mensaje<\/label><textarea id=\"wpforms-541-field_2\" class=\"wpforms-field-medium\" name=\"wpforms[fields][2]\" ><\/textarea><\/div><\/div><!-- .wpforms-field-container --><div class=\"wpforms-submit-container\" ><input type=\"hidden\" name=\"wpforms[id]\" value=\"541\"><input type=\"hidden\" name=\"page_title\" value=\"\"><input type=\"hidden\" name=\"page_url\" value=\"https:\/\/micasacalefon.com\/index.php\/wp-json\/wp\/v2\/pages\/548\"><input type=\"hidden\" name=\"url_referer\" value=\"\"><button type=\"submit\" name=\"wpforms[submit]\" id=\"wpforms-submit-541\" class=\"wpforms-submit\" data-alt-text=\"Enviando...\" data-submit-text=\"Enviar\" aria-live=\"assertive\" value=\"wpforms-submit\">Enviar<\/button><img decoding=\"async\" src=\"https:\/\/micasacalefon.com\/wp-content\/plugins\/wpforms-lite\/assets\/images\/submit-spin.svg\" class=\"wpforms-submit-spinner\" style=\"display: none;\" width=\"26\" height=\"26\" alt=\"Cargando\"><\/div><\/form><\/div>  <!-- .wpforms-container --><\/p>\t\t\t\t\t\t\t\t<\/div>\n\t\t\t\t<\/div>\n\t\t\t\t\t<\/div>\n\t\t<\/div>\n\t\t\t\t\t<\/div>\n\t\t<\/section>\n\t\t\t\t<\/div>\n\t\t","protected":false},"excerpt":{"rendered":"<p>SERVICIO PERSONALIZADO ATENCI\u00d3N INMEDIATA DE LUNES A DOMINGO7h00 a 18h00 NUESTROS VALORES Integridad, Honestidad, Confianza, Orientaci\u00f3n al cliente, \u00c9tica, Puntualidad y Eficacia. Pongase en Contacto \u00a0 Direcci\u00f3n Quito &#8211; Guayaquil Email micasacalefon@gmail.com Llamenos 0963182256 Llamenos 0963182256 Cont\u00e1ctanos para recibir un presupuesto.<\/p>\n","protected":false},"author":1,"featured_media":0,"parent":0,"menu_order":0,"comment_status":"closed","ping_status":"closed","template":"","meta":{"om_disable_all_campaigns":false,"_monsterinsights_skip_tracking":false,"_monsterinsights_sitenote_active":false,"_monsterinsights_sitenote_note":"","_monsterinsights_sitenote_category":0,"site-sidebar-layout":"no-sidebar","site-content-layout":"page-builder","ast-site-content-layout":"default","site-content-style":"default","site-sidebar-style":"default","ast-global-header-display":"","ast-banner-title-visibility":"","ast-main-header-display":"","ast-hfb-above-header-display":"","ast-hfb-below-header-display":"","ast-hfb-mobile-header-display":"","site-post-title":"","ast-breadcrumbs-content":"","ast-featured-img":"disabled","footer-sml-layout":"","ast-disable-related-posts":"","theme-transparent-header-meta":"","adv-header-id-meta":"","stick-header-meta":"","header-above-stick-meta":"","header-main-stick-meta":"","header-below-stick-meta":"","astra-migrate-meta-layouts":"default","ast-page-background-enabled":"default","ast-page-background-meta":{"desktop":{"background-color":"var(--ast-global-color-4)","background-image":"","background-repeat":"repeat","background-position":"center center","background-size":"auto","background-attachment":"scroll","background-type":"","background-media":"","overlay-type":"","overlay-color":"","overlay-opacity":"","overlay-gradient":""},"tablet":{"background-color":"","background-image":"","background-repeat":"repeat","background-position":"center center","background-size":"auto","background-attachment":"scroll","background-type":"","background-media":"","overlay-type":"","overlay-color":"","overlay-opacity":"","overlay-gradient":""},"mobile":{"background-color":"","background-image":"","background-repeat":"repeat","background-position":"center center","background-size":"auto","background-attachment":"scroll","background-type":"","background-media":"","overlay-type":"","overlay-color":"","overlay-opacity":"","overlay-gradient":""}},"ast-content-background-meta":{"desktop":{"background-color":"var(--ast-global-color-5)","background-image":"","background-repeat":"repeat","background-position":"center center","background-size":"auto","background-attachment":"scroll","background-type":"","background-media":"","overlay-type":"","overlay-color":"","overlay-opacity":"","overlay-gradient":""},"tablet":{"background-color":"var(--ast-global-color-5)","background-image":"","background-repeat":"repeat","background-position":"center center","background-size":"auto","background-attachment":"scroll","background-type":"","background-media":"","overlay-type":"","overlay-color":"","overlay-opacity":"","overlay-gradient":""},"mobile":{"background-color":"var(--ast-global-color-5)","background-image":"","background-repeat":"repeat","background-position":"center center","background-size":"auto","background-attachment":"scroll","background-type":"","background-media":"","overlay-type":"","overlay-color":"","overlay-opacity":"","overlay-gradient":""}},"footnotes":""},"class_list":["post-548","page","type-page","status-publish","hentry"],"aioseo_notices":[],"_links":{"self":[{"href":"https:\/\/micasacalefon.com\/index.php\/wp-json\/wp\/v2\/pages\/548","targetHints":{"allow":["GET"]}}],"collection":[{"href":"https:\/\/micasacalefon.com\/index.php\/wp-json\/wp\/v2\/pages"}],"about":[{"href":"https:\/\/micasacalefon.com\/index.php\/wp-json\/wp\/v2\/types\/page"}],"author":[{"embeddable":true,"href":"https:\/\/micasacalefon.com\/index.php\/wp-json\/wp\/v2\/users\/1"}],"replies":[{"embeddable":true,"href":"https:\/\/micasacalefon.com\/index.php\/wp-json\/wp\/v2\/comments?post=548"}],"version-history":[{"count":50,"href":"https:\/\/micasacalefon.com\/index.php\/wp-json\/wp\/v2\/pages\/548\/revisions"}],"predecessor-version":[{"id":957,"href":"https:\/\/micasacalefon.com\/index.php\/wp-json\/wp\/v2\/pages\/548\/revisions\/957"}],"wp:attachment":[{"href":"https:\/\/micasacalefon.com\/index.php\/wp-json\/wp\/v2\/media?parent=548"}],"curies":[{"name":"wp","href":"https:\/\/api.w.org\/{rel}","templated":true}]}}